{"id":1394,"date":"2023-01-25T15:46:10","date_gmt":"2023-01-25T14:46:10","guid":{"rendered":"https:\/\/fermedesrosieres.com\/privacy-policy\/"},"modified":"2023-02-06T10:51:12","modified_gmt":"2023-02-06T09:51:12","slug":"privacy-policy","status":"publish","type":"page","link":"https:\/\/fermedesrosieres.com\/en\/privacy-policy\/","title":{"rendered":"Privacy Policy"},"content":{"rendered":"\t\t<div data-elementor-type=\"wp-page\" data-elementor-id=\"1394\" class=\"elementor elementor-1394 elementor-1343\" data-elementor-post-type=\"page\">\n\t\t\t\t\t\t<section class=\"elementor-section elementor-top-section elementor-element elementor-element-d9395f4 elementor-section-height-min-height elementor-section-boxed elementor-section-height-default elementor-section-items-middle\" data-id=\"d9395f4\" data-element_type=\"section\" data-settings=\"{&quot;background_background&quot;:&quot;classic&quot;}\">\n\t\t\t\t\t\t\t<div class=\"elementor-background-overlay\"><\/div>\n\t\t\t\t\t\t\t<div class=\"elementor-container elementor-column-gap-default\">\n\t\t\t\t\t<div class=\"elementor-column elementor-col-100 elementor-top-column elementor-element elementor-element-5389fe5\" data-id=\"5389fe5\" data-element_type=\"column\">\n\t\t\t<div class=\"elementor-widget-wrap elementor-element-populated\">\n\t\t\t\t\t\t<div class=\"elementor-element elementor-element-a7c19e5 de_scroll_animation_no elementor-invisible elementor-widget elementor-widget-heading\" data-id=\"a7c19e5\" data-element_type=\"widget\" data-settings=\"{&quot;_animation&quot;:&quot;fadeIn&quot;}\" data-widget_type=\"heading.default\">\n\t\t\t\t<div class=\"elementor-widget-container\">\n\t\t\t\t\t<h2 class=\"elementor-heading-title elementor-size-default\">PRIVACY POLICY<\/h2>\t\t\t\t<\/div>\n\t\t\t\t<\/div>\n\t\t\t\t<div class=\"elementor-element elementor-element-3a00059 elementor-icon-list--layout-inline elementor-align-center elementor-list-item-link-full_width de_scroll_animation_no elementor-invisible elementor-widget elementor-widget-icon-list\" data-id=\"3a00059\" data-element_type=\"widget\" data-settings=\"{&quot;_animation&quot;:&quot;fadeIn&quot;,&quot;_animation_delay&quot;:200}\" data-widget_type=\"icon-list.default\">\n\t\t\t\t<div class=\"elementor-widget-container\">\n\t\t\t\t\t\t\t<ul class=\"elementor-icon-list-items elementor-inline-items\">\n\t\t\t\t\t\t\t<li class=\"elementor-icon-list-item elementor-inline-item\">\n\t\t\t\t\t\t\t\t\t\t\t<a href=\"#\">\n\n\t\t\t\t\t\t\t\t\t\t\t<span class=\"elementor-icon-list-text\">Home<\/span>\n\t\t\t\t\t\t\t\t\t\t\t<\/a>\n\t\t\t\t\t\t\t\t\t<\/li>\n\t\t\t\t\t\t\t\t<li class=\"elementor-icon-list-item elementor-inline-item\">\n\t\t\t\t\t\t\t\t\t\t\t<span class=\"elementor-icon-list-icon\">\n\t\t\t\t\t\t\t<i aria-hidden=\"true\" class=\"icon icon-arrow-right\"><\/i>\t\t\t\t\t\t<\/span>\n\t\t\t\t\t\t\t\t\t\t<span class=\"elementor-icon-list-text\">Privacy Policy<\/span>\n\t\t\t\t\t\t\t\t\t<\/li>\n\t\t\t\t\t\t<\/ul>\n\t\t\t\t\t\t<\/div>\n\t\t\t\t<\/div>\n\t\t\t\t\t<\/div>\n\t\t<\/div>\n\t\t\t\t\t<\/div>\n\t\t<\/section>\n\t\t\t\t<section class=\"elementor-section elementor-top-section elementor-element elementor-element-9a49392 elementor-section-boxed elementor-section-height-default elementor-section-height-default\" data-id=\"9a49392\" data-element_type=\"section\">\n\t\t\t\t\t\t<div class=\"elementor-container elementor-column-gap-default\">\n\t\t\t\t\t<div class=\"elementor-column elementor-col-100 elementor-top-column elementor-element elementor-element-3939138\" data-id=\"3939138\" data-element_type=\"column\">\n\t\t\t<div class=\"elementor-widget-wrap elementor-element-populated\">\n\t\t\t\t\t\t<div class=\"elementor-element elementor-element-b70c7f8 de_scroll_animation_no elementor-widget elementor-widget-text-editor\" data-id=\"b70c7f8\" data-element_type=\"widget\" data-widget_type=\"text-editor.default\">\n\t\t\t\t<div class=\"elementor-widget-container\">\n\t\t\t\t\t\t\t\t\t<p><\/p>\n<h3>Who are we?<\/h3>\n<p>Our website address is: https:\/\/fermedesrosieres.com\/.<\/p>\n<p><\/p>\n<h3>Use of personal data collected<\/h3>\n<h4>Comments<\/h4>\n<p>When you leave a comment on our website, the data entered in the comment form, but also your IP address and the user agent of your browser are collected to help us detect unwanted comments.<\/p>\n<p>Une cha\u00eene anonymis\u00e9e cr\u00e9\u00e9e \u00e0 partir de votre adresse de messagerie (\u00e9galement appel\u00e9e hash) peut \u00eatre envoy\u00e9e au service Gravatar pour v\u00e9rifier si vous utilisez ce dernier. An anonymized string created from your email address (also known as hash) can be sent to the Gravatar service to check if you are using it.<\/p>\n<p><\/p>\n<h4>Media<\/h4>\n<p>If you are a registered user and you upload images to the website, we advise you to avoid uploading images containing EXIF data from GPS coordinates. Visitors to your website can download and extract location data from these images.<\/p>\n<p><\/p>\n<h4>Contact forms<\/h4>\n<h4>Cookies<\/h4>\n<p>If you post a comment on our site, you will be offered to save your name, email address and website in cookies. C\u2019est uniquement pour votre confort afin de ne pas avoir \u00e0 saisir ces informations si vous d\u00e9posez un autre commentaire plus tard. These cookies expire after one year.<\/p>\n<p>If you go to the login page, a temporary cookie will be created to determine if your browser accepts cookies. It does not contain personal data and will be deleted automatically when you close your browser.<\/p>\n<p>When you log in, we will set a number of cookies to record your login information and screen preferences. The lifespan of a login cookie is two days, that of a screen option cookie is one year. If you check \u201cRemember me\u201d, your login cookie will be kept for two weeks. If you log out of your account, the login cookie will be deleted.<\/p>\n<p>By editing or publishing a publication, an additional cookie will be saved in your browser. This cookie does not include any personal data. It simply indicates the publication ID you have just modified. It expires after one day.<\/p>\n<p><\/p>\n<h3>Embedded content from other sites<\/h3>\n<p>Articles on this site may include embedded content (for example videos, images, articles, etc.). Content embedded from other sites behaves in the same way as if the visitor were visiting that other site.<\/p>\n<p>These websites may collect data about you, use cookies, embed third-party tracking tools, track your interactions with these embedded content if you have an account connected to their website.<\/p>\n<p><\/p>\n<h3>Live Chat service<\/h3>\n<p>Personal data is processed by Smartsupp.com, s.r.o., VAT number CZ03668681 (hereinafter \u201cSmartsupp\u201d) as a data processor acting on behalf of the website owner, who is the data processor. Smartsupp is GDPR compliant. Information about the privacy and processing of Smartsupp personal data can be found at www.smartsupp.com\/privacy. The processing of your personal data is necessary in order to offer you customer service. Contact the site owner if you have any questions about the processing of personal data or if you wish to request or delete your personal data.<\/p>\n<p><\/p>\n<h3>Statistics and Audience Metrics<\/h3>\n<p>In order to adapt our site to the requests of our visitors and to improve it in order to offer you relevant content, we measure the sources of access to our site, the number of visits, the number of page views as well as visitor activity on the site and their frequency of return. The statistical tool used on our website is Google Analytics. The list of cookies used by Google Analytics is presented here: https:\/\/developers.google.com\/analytics\/devguides\/collection\/analyticsjs\/cookie-usage?hl=en<\/p>\n<p>Our use of the audience statistics tool does not identify you. We have customized our tracking code to enable masking of IP addresses. Thus, all IP addresses of users of our website are anonymous in Google Analytics.<\/p>\n<p>To learn more about Google Analytics&#8217; Privacy Policy, please consult the following page: Google Privacy Policy.<\/p>\n<p><\/p>\n<h3>Use and transmission of your personal data<br>Storage times of your data<\/h3>\n<p>If you leave a comment, the comment and its metadata are retained indefinitely. This will automatically recognize and approve the following comments instead of leaving them in the moderation queue.<\/p>\n<p>For users who register on our site (if possible), we also store the personal data indicated in their profile. All users can view, edit or delete their personal information at any time (except for their ice username). Site managers can also view and edit this information.<\/p>\n<p><\/p><h3>The rights you have over your data<\/h3>\n<p>If you have an account or have left comments on the site, you can request to receive a file containing all the personal data that we have about you, including those that you have provided to us. You can also request the deletion of your personal data. This does not take into account data stored for administrative, legal or security purposes.<\/p>\n<p><\/p><h3>Transmission of your personal data<\/h3>\n<p>Visitors&#8217; comments can be verified using an automated unwanted comment detection service.<\/p>\t\t\t\t\t\t\t\t<\/div>\n\t\t\t\t<\/div>\n\t\t\t\t\t<\/div>\n\t\t<\/div>\n\t\t\t\t\t<\/div>\n\t\t<\/section>\n\t\t\t\t<\/div>\n\t\t","protected":false},"excerpt":{"rendered":"<p>PRIVACY POLICY Home Privacy Policy Who are we? Our website address is: https:\/\/fermedesrosieres.com\/. Use of personal data collected Comments When you leave a comment on our website, the data entered in the comment form, but also your IP address and the user agent of your browser are collected to help us detect unwanted comments. Une [&hellip;]<\/p>\n","protected":false},"author":1,"featured_media":0,"parent":0,"menu_order":0,"comment_status":"closed","ping_status":"closed","template":"elementor_header_footer","meta":{"footnotes":""},"class_list":["post-1394","page","type-page","status-publish","hentry"],"yoast_head":"<!-- This site is optimized with the Yoast SEO plugin v24.6 - https:\/\/yoast.com\/wordpress\/plugins\/seo\/ -->\n<title>Privacy Policy - La ferme des rosi\u00e8res<\/title>\n<meta name=\"robots\" content=\"index, follow, max-snippet:-1, max-image-preview:large, max-video-preview:-1\" \/>\n<link rel=\"canonical\" href=\"https:\/\/fermedesrosieres.com\/politique-de-confidentialite\/\" \/>\n<meta property=\"og:locale\" content=\"en_US\" \/>\n<meta property=\"og:type\" content=\"article\" \/>\n<meta property=\"og:title\" content=\"Privacy Policy - La ferme des rosi\u00e8res\" \/>\n<meta property=\"og:description\" content=\"PRIVACY POLICY Home Privacy Policy Who are we? Our website address is: https:\/\/fermedesrosieres.com\/. Use of personal data collected Comments When you leave a comment on our website, the data entered in the comment form, but also your IP address and the user agent of your browser are collected to help us detect unwanted comments. Une [&hellip;]\" \/>\n<meta property=\"og:url\" content=\"https:\/\/fermedesrosieres.com\/politique-de-confidentialite\/\" \/>\n<meta property=\"og:site_name\" content=\"La ferme des rosi\u00e8res\" \/>\n<meta property=\"article:modified_time\" content=\"2023-02-06T09:51:12+00:00\" \/>\n<meta name=\"twitter:card\" content=\"summary_large_image\" \/>\n<meta name=\"twitter:label1\" content=\"Est. reading time\" \/>\n\t<meta name=\"twitter:data1\" content=\"4 minutes\" \/>\n<script type=\"application\/ld+json\" class=\"yoast-schema-graph\">{\"@context\":\"https:\/\/schema.org\",\"@graph\":[{\"@type\":\"WebPage\",\"@id\":\"https:\/\/fermedesrosieres.com\/politique-de-confidentialite\/\",\"url\":\"https:\/\/fermedesrosieres.com\/politique-de-confidentialite\/\",\"name\":\"Privacy Policy - La ferme des rosi\u00e8res\",\"isPartOf\":{\"@id\":\"https:\/\/fermedesrosieres.com\/#website\"},\"datePublished\":\"2023-01-25T14:46:10+00:00\",\"dateModified\":\"2023-02-06T09:51:12+00:00\",\"breadcrumb\":{\"@id\":\"https:\/\/fermedesrosieres.com\/politique-de-confidentialite\/#breadcrumb\"},\"inLanguage\":\"en-US\",\"potentialAction\":[{\"@type\":\"ReadAction\",\"target\":[\"https:\/\/fermedesrosieres.com\/politique-de-confidentialite\/\"]}]},{\"@type\":\"BreadcrumbList\",\"@id\":\"https:\/\/fermedesrosieres.com\/politique-de-confidentialite\/#breadcrumb\",\"itemListElement\":[{\"@type\":\"ListItem\",\"position\":1,\"name\":\"Accueil\",\"item\":\"https:\/\/fermedesrosieres.com\/\"},{\"@type\":\"ListItem\",\"position\":2,\"name\":\"Privacy Policy\"}]},{\"@type\":\"WebSite\",\"@id\":\"https:\/\/fermedesrosieres.com\/#website\",\"url\":\"https:\/\/fermedesrosieres.com\/\",\"name\":\"La ferme des rosi\u00e8res\",\"description\":\"Chambre d&#039;h\u00f4te, g\u00eete en Dr\u00f4me Proven\u00e7ale\",\"publisher\":{\"@id\":\"https:\/\/fermedesrosieres.com\/#organization\"},\"potentialAction\":[{\"@type\":\"SearchAction\",\"target\":{\"@type\":\"EntryPoint\",\"urlTemplate\":\"https:\/\/fermedesrosieres.com\/?s={search_term_string}\"},\"query-input\":{\"@type\":\"PropertyValueSpecification\",\"valueRequired\":true,\"valueName\":\"search_term_string\"}}],\"inLanguage\":\"en-US\"},{\"@type\":\"Organization\",\"@id\":\"https:\/\/fermedesrosieres.com\/#organization\",\"name\":\"La ferme des rosi\u00e8res\",\"url\":\"https:\/\/fermedesrosieres.com\/\",\"logo\":{\"@type\":\"ImageObject\",\"inLanguage\":\"en-US\",\"@id\":\"https:\/\/fermedesrosieres.com\/#\/schema\/logo\/image\/\",\"url\":\"https:\/\/fermedesrosieres.com\/wp-content\/uploads\/2022\/12\/cropped-Logo-transparent.png\",\"contentUrl\":\"https:\/\/fermedesrosieres.com\/wp-content\/uploads\/2022\/12\/cropped-Logo-transparent.png\",\"width\":2400,\"height\":554,\"caption\":\"La ferme des rosi\u00e8res\"},\"image\":{\"@id\":\"https:\/\/fermedesrosieres.com\/#\/schema\/logo\/image\/\"}}]}<\/script>\n<!-- \/ Yoast SEO plugin. -->","yoast_head_json":{"title":"Privacy Policy - La ferme des rosi\u00e8res","robots":{"index":"index","follow":"follow","max-snippet":"max-snippet:-1","max-image-preview":"max-image-preview:large","max-video-preview":"max-video-preview:-1"},"canonical":"https:\/\/fermedesrosieres.com\/politique-de-confidentialite\/","og_locale":"en_US","og_type":"article","og_title":"Privacy Policy - La ferme des rosi\u00e8res","og_description":"PRIVACY POLICY Home Privacy Policy Who are we? Our website address is: https:\/\/fermedesrosieres.com\/. Use of personal data collected Comments When you leave a comment on our website, the data entered in the comment form, but also your IP address and the user agent of your browser are collected to help us detect unwanted comments. Une [&hellip;]","og_url":"https:\/\/fermedesrosieres.com\/politique-de-confidentialite\/","og_site_name":"La ferme des rosi\u00e8res","article_modified_time":"2023-02-06T09:51:12+00:00","twitter_card":"summary_large_image","twitter_misc":{"Est. reading time":"4 minutes"},"schema":{"@context":"https:\/\/schema.org","@graph":[{"@type":"WebPage","@id":"https:\/\/fermedesrosieres.com\/politique-de-confidentialite\/","url":"https:\/\/fermedesrosieres.com\/politique-de-confidentialite\/","name":"Privacy Policy - La ferme des rosi\u00e8res","isPartOf":{"@id":"https:\/\/fermedesrosieres.com\/#website"},"datePublished":"2023-01-25T14:46:10+00:00","dateModified":"2023-02-06T09:51:12+00:00","breadcrumb":{"@id":"https:\/\/fermedesrosieres.com\/politique-de-confidentialite\/#breadcrumb"},"inLanguage":"en-US","potentialAction":[{"@type":"ReadAction","target":["https:\/\/fermedesrosieres.com\/politique-de-confidentialite\/"]}]},{"@type":"BreadcrumbList","@id":"https:\/\/fermedesrosieres.com\/politique-de-confidentialite\/#breadcrumb","itemListElement":[{"@type":"ListItem","position":1,"name":"Accueil","item":"https:\/\/fermedesrosieres.com\/"},{"@type":"ListItem","position":2,"name":"Privacy Policy"}]},{"@type":"WebSite","@id":"https:\/\/fermedesrosieres.com\/#website","url":"https:\/\/fermedesrosieres.com\/","name":"La ferme des rosi\u00e8res","description":"Chambre d&#039;h\u00f4te, g\u00eete en Dr\u00f4me Proven\u00e7ale","publisher":{"@id":"https:\/\/fermedesrosieres.com\/#organization"},"potentialAction":[{"@type":"SearchAction","target":{"@type":"EntryPoint","urlTemplate":"https:\/\/fermedesrosieres.com\/?s={search_term_string}"},"query-input":{"@type":"PropertyValueSpecification","valueRequired":true,"valueName":"search_term_string"}}],"inLanguage":"en-US"},{"@type":"Organization","@id":"https:\/\/fermedesrosieres.com\/#organization","name":"La ferme des rosi\u00e8res","url":"https:\/\/fermedesrosieres.com\/","logo":{"@type":"ImageObject","inLanguage":"en-US","@id":"https:\/\/fermedesrosieres.com\/#\/schema\/logo\/image\/","url":"https:\/\/fermedesrosieres.com\/wp-content\/uploads\/2022\/12\/cropped-Logo-transparent.png","contentUrl":"https:\/\/fermedesrosieres.com\/wp-content\/uploads\/2022\/12\/cropped-Logo-transparent.png","width":2400,"height":554,"caption":"La ferme des rosi\u00e8res"},"image":{"@id":"https:\/\/fermedesrosieres.com\/#\/schema\/logo\/image\/"}}]}},"_links":{"self":[{"href":"https:\/\/fermedesrosieres.com\/en\/wp-json\/wp\/v2\/pages\/1394","targetHints":{"allow":["GET"]}}],"collection":[{"href":"https:\/\/fermedesrosieres.com\/en\/wp-json\/wp\/v2\/pages"}],"about":[{"href":"https:\/\/fermedesrosieres.com\/en\/wp-json\/wp\/v2\/types\/page"}],"author":[{"embeddable":true,"href":"https:\/\/fermedesrosieres.com\/en\/wp-json\/wp\/v2\/users\/1"}],"replies":[{"embeddable":true,"href":"https:\/\/fermedesrosieres.com\/en\/wp-json\/wp\/v2\/comments?post=1394"}],"version-history":[{"count":2,"href":"https:\/\/fermedesrosieres.com\/en\/wp-json\/wp\/v2\/pages\/1394\/revisions"}],"predecessor-version":[{"id":1396,"href":"https:\/\/fermedesrosieres.com\/en\/wp-json\/wp\/v2\/pages\/1394\/revisions\/1396"}],"wp:attachment":[{"href":"https:\/\/fermedesrosieres.com\/en\/wp-json\/wp\/v2\/media?parent=1394"}],"curies":[{"name":"wp","href":"https:\/\/api.w.org\/{rel}","templated":true}]}}